{"id":24088,"date":"2025-07-02T01:20:09","date_gmt":"2025-07-01T23:20:09","guid":{"rendered":"https:\/\/test.rekons.sk\/?page_id=24088"},"modified":"2025-11-07T11:50:33","modified_gmt":"2025-11-07T10:50:33","slug":"stavebna-cinnost","status":"publish","type":"page","link":"https:\/\/rekons.sk\/index.php\/stavebna-cinnost\/","title":{"rendered":"Stavebn\u00e1 \u010dinnos\u0165"},"content":{"rendered":"\t\t<div data-elementor-type=\"wp-page\" data-elementor-id=\"24088\" class=\"elementor elementor-24088\">\n\t\t\t\t<div class=\"no-position rs-sticky-default   elementor-element elementor-element-72560caa e-con-full rs-page-banner e-flex e-con e-child\" data-id=\"72560caa\" data-element_type=\"container\" data-e-type=\"container\" data-settings=\"{&quot;background_background&quot;:&quot;gradient&quot;}\">\n\t\t<div class=\"no-position rs-sticky-default   elementor-element elementor-element-108eecce e-flex e-con-boxed e-con e-child\" data-id=\"108eecce\" data-element_type=\"container\" data-e-type=\"container\" data-settings=\"{&quot;background_background&quot;:&quot;classic&quot;}\">\n\t\t\t\t\t<div class=\"e-con-inner\">\n\t\t<div class=\"no-position rs-sticky-default   elementor-element elementor-element-2817b236 e-con-full content-box e-flex e-con e-child\" data-id=\"2817b236\" data-element_type=\"container\" data-e-type=\"container\" data-settings=\"{&quot;background_background&quot;:&quot;classic&quot;}\">\n\t\t\t\t<div class=\"elementor-element elementor-element-60261c35 gsap-move-no elementor-widget elementor-widget-heading\" data-id=\"60261c35\" data-element_type=\"widget\" data-e-type=\"widget\" data-widget_type=\"heading.default\">\n\t\t\t\t<div class=\"elementor-widget-container\">\n\t\t\t\t\t<h2 class=\"elementor-heading-title elementor-size-default\">Stavebn\u00e1 \u010dinnos\u0165<\/h2>\t\t\t\t<\/div>\n\t\t\t\t<\/div>\n\t\t\t\t<div class=\"elementor-element elementor-element-43b5a6a4 elementor-widget-mobile__width-inherit elementor-widget__width-initial elementor-widget-tablet__width-inherit gsap-move-no elementor-widget elementor-widget-rs-heading\" data-id=\"43b5a6a4\" data-element_type=\"widget\" data-e-type=\"widget\" data-widget_type=\"rs-heading.default\">\n\t\t\t\t<div class=\"elementor-widget-container\">\n\t\t\t\t\t\n\t\t<div class=\"prelements-heading default  left\">\n\t\t\t<div class=\"title-inner\">\n\t\t\t\t\n\t\t\t<\/div>\n\t\t\t\t\t\t\t<div class=\"description\">\n\t\t\t\t\t<p data-start=\"171\" data-end=\"475\">Realizujeme v\u00fdstavbu rodinn\u00fdch domov na k\u013e\u00fa\u010d, rekon\u0161trukcie bytov, domov a nebytov\u00fdch priestorov, ako aj jednotliv\u00e9 stavebn\u00e9 etapy \u2013 od z\u00e1kladov\u00fdch dosiek a murovania, cez beton\u00e1\u017ee, z\u00e1mkov\u00e9 dla\u017eby a fas\u00e1dy, a\u017e po fin\u00e1lne dokon\u010dovacie pr\u00e1ce. Pracujeme spo\u013eahlivo, odborne a s d\u00f4razom na kvalitu prevedenia. Zabezpe\u010dujeme kompletn\u00fd servis vr\u00e1tane poradenstva, dod\u00e1vky materi\u00e1lu a koordin\u00e1cie v\u0161etk\u00fdch pr\u00e1c.<\/p>\t\t\t\t<\/div>\n\t\t\t\t\t<\/div>\n\t\t\t\t<\/div>\n\t\t\t\t<\/div>\n\t\t\t\t<div class=\"elementor-element elementor-element-78e1f572 gsap-move-no elementor-widget elementor-widget-rs-divider\" data-id=\"78e1f572\" data-element_type=\"widget\" data-e-type=\"widget\" data-widget_type=\"rs-divider.default\">\n\t\t\t\t<div class=\"elementor-widget-container\">\n\t\t\t\t\t\n\t\t<div class=\"rs-divider\"> <\/div>\n\n\t\t\t\t\t<\/div>\n\t\t\t\t<\/div>\n\t\t\t\t<\/div>\n\t\t\t\t\t<\/div>\n\t\t\t\t<\/div>\n\t\t<div class=\"no-position rs-sticky-default   elementor-element elementor-element-57700c22 e-flex e-con-boxed e-con e-child\" data-id=\"57700c22\" data-element_type=\"container\" data-e-type=\"container\" data-settings=\"{&quot;background_background&quot;:&quot;classic&quot;}\">\n\t\t\t\t\t<div class=\"e-con-inner\">\n\t\t\t\t\t<\/div>\n\t\t\t\t<\/div>\n\t\t\t\t<\/div>\n\t\t<div class=\"no-position rs-sticky-default   elementor-element elementor-element-d7c2f7f e-con-full e-flex e-con e-parent\" data-id=\"d7c2f7f\" data-element_type=\"container\" data-e-type=\"container\">\n\t\t<div class=\"no-position rs-sticky-default   elementor-element elementor-element-3e012632 e-flex e-con-boxed e-con e-child\" data-id=\"3e012632\" data-element_type=\"container\" data-e-type=\"container\">\n\t\t\t\t\t<div class=\"e-con-inner\">\n\t\t\t\t<div class=\"elementor-element elementor-element-19f6919f gallery-spacing-custom gsap-move-no elementor-widget elementor-widget-image-gallery\" data-id=\"19f6919f\" data-element_type=\"widget\" data-e-type=\"widget\" data-widget_type=\"image-gallery.default\">\n\t\t\t\t<div class=\"elementor-widget-container\">\n\t\t\t\t\t\t\t<div class=\"elementor-image-gallery\">\n\t\t\t<div id='gallery-1' class='gallery galleryid-24088 gallery-columns-4 gallery-size-credio_portfolio-slider'><figure class='gallery-item'>\n\t\t\t<div class='gallery-icon landscape'>\n\t\t\t\t<a data-elementor-open-lightbox=\"yes\" data-elementor-lightbox-slideshow=\"19f6919f\" data-elementor-lightbox-title=\"rekons- (18)\" data-e-action-hash=\"#elementor-action%3Aaction%3Dlightbox%26settings%3DeyJpZCI6MjQxODgsInVybCI6Imh0dHBzOlwvXC9yZWtvbnMuc2tcL3dwLWNvbnRlbnRcL3VwbG9hZHNcLzIwMjVcLzA3XC9yZWtvbnMtMTgtMS53ZWJwIiwic2xpZGVzaG93IjoiMTlmNjkxOWYifQ%3D%3D\" href='https:\/\/rekons.sk\/wp-content\/uploads\/2025\/07\/rekons-18-1.webp'><img fetchpriority=\"high\" decoding=\"async\" width=\"666\" height=\"450\" src=\"https:\/\/rekons.sk\/wp-content\/uploads\/2025\/07\/rekons-18-1-666x450.webp\" class=\"attachment-credio_portfolio-slider size-credio_portfolio-slider\" alt=\"\" \/><\/a>\n\t\t\t<\/div><\/figure><figure class='gallery-item'>\n\t\t\t<div class='gallery-icon landscape'>\n\t\t\t\t<a data-elementor-open-lightbox=\"yes\" data-elementor-lightbox-slideshow=\"19f6919f\" data-elementor-lightbox-title=\"rekons- (16)\" data-e-action-hash=\"#elementor-action%3Aaction%3Dlightbox%26settings%3DeyJpZCI6MjQxODYsInVybCI6Imh0dHBzOlwvXC9yZWtvbnMuc2tcL3dwLWNvbnRlbnRcL3VwbG9hZHNcLzIwMjVcLzA3XC9yZWtvbnMtMTYtMS53ZWJwIiwic2xpZGVzaG93IjoiMTlmNjkxOWYifQ%3D%3D\" href='https:\/\/rekons.sk\/wp-content\/uploads\/2025\/07\/rekons-16-1.webp'><img decoding=\"async\" width=\"666\" height=\"450\" src=\"https:\/\/rekons.sk\/wp-content\/uploads\/2025\/07\/rekons-16-1-666x450.webp\" class=\"attachment-credio_portfolio-slider size-credio_portfolio-slider\" alt=\"\" \/><\/a>\n\t\t\t<\/div><\/figure><figure class='gallery-item'>\n\t\t\t<div class='gallery-icon landscape'>\n\t\t\t\t<a data-elementor-open-lightbox=\"yes\" data-elementor-lightbox-slideshow=\"19f6919f\" data-elementor-lightbox-title=\"rekons- (9)\" data-e-action-hash=\"#elementor-action%3Aaction%3Dlightbox%26settings%3DeyJpZCI6MjQxNzksInVybCI6Imh0dHBzOlwvXC9yZWtvbnMuc2tcL3dwLWNvbnRlbnRcL3VwbG9hZHNcLzIwMjVcLzA3XC9yZWtvbnMtOS0xLndlYnAiLCJzbGlkZXNob3ciOiIxOWY2OTE5ZiJ9\" href='https:\/\/rekons.sk\/wp-content\/uploads\/2025\/07\/rekons-9-1.webp'><img decoding=\"async\" width=\"666\" height=\"450\" src=\"https:\/\/rekons.sk\/wp-content\/uploads\/2025\/07\/rekons-9-1-666x450.webp\" class=\"attachment-credio_portfolio-slider size-credio_portfolio-slider\" alt=\"\" \/><\/a>\n\t\t\t<\/div><\/figure><figure class='gallery-item'>\n\t\t\t<div class='gallery-icon landscape'>\n\t\t\t\t<a data-elementor-open-lightbox=\"yes\" data-elementor-lightbox-slideshow=\"19f6919f\" data-elementor-lightbox-title=\"rekons- (11)\" data-e-action-hash=\"#elementor-action%3Aaction%3Dlightbox%26settings%3DeyJpZCI6MjQxODEsInVybCI6Imh0dHBzOlwvXC9yZWtvbnMuc2tcL3dwLWNvbnRlbnRcL3VwbG9hZHNcLzIwMjVcLzA3XC9yZWtvbnMtMTEtMS53ZWJwIiwic2xpZGVzaG93IjoiMTlmNjkxOWYifQ%3D%3D\" href='https:\/\/rekons.sk\/wp-content\/uploads\/2025\/07\/rekons-11-1.webp'><img loading=\"lazy\" decoding=\"async\" width=\"666\" height=\"450\" src=\"https:\/\/rekons.sk\/wp-content\/uploads\/2025\/07\/rekons-11-1-666x450.webp\" class=\"attachment-credio_portfolio-slider size-credio_portfolio-slider\" alt=\"\" \/><\/a>\n\t\t\t<\/div><\/figure><figure class='gallery-item'>\n\t\t\t<div class='gallery-icon landscape'>\n\t\t\t\t<a data-elementor-open-lightbox=\"yes\" data-elementor-lightbox-slideshow=\"19f6919f\" data-elementor-lightbox-title=\"rekons- (13)\" data-e-action-hash=\"#elementor-action%3Aaction%3Dlightbox%26settings%3DeyJpZCI6MjQxODMsInVybCI6Imh0dHBzOlwvXC9yZWtvbnMuc2tcL3dwLWNvbnRlbnRcL3VwbG9hZHNcLzIwMjVcLzA3XC9yZWtvbnMtMTMtMS53ZWJwIiwic2xpZGVzaG93IjoiMTlmNjkxOWYifQ%3D%3D\" href='https:\/\/rekons.sk\/wp-content\/uploads\/2025\/07\/rekons-13-1.webp'><img loading=\"lazy\" decoding=\"async\" width=\"666\" height=\"450\" src=\"https:\/\/rekons.sk\/wp-content\/uploads\/2025\/07\/rekons-13-1-666x450.webp\" class=\"attachment-credio_portfolio-slider size-credio_portfolio-slider\" alt=\"\" \/><\/a>\n\t\t\t<\/div><\/figure><figure class='gallery-item'>\n\t\t\t<div class='gallery-icon landscape'>\n\t\t\t\t<a data-elementor-open-lightbox=\"yes\" data-elementor-lightbox-slideshow=\"19f6919f\" data-elementor-lightbox-title=\"rekons- (1)\" data-e-action-hash=\"#elementor-action%3Aaction%3Dlightbox%26settings%3DeyJpZCI6MjQxNzEsInVybCI6Imh0dHBzOlwvXC9yZWtvbnMuc2tcL3dwLWNvbnRlbnRcL3VwbG9hZHNcLzIwMjVcLzA3XC9yZWtvbnMtMS0xLndlYnAiLCJzbGlkZXNob3ciOiIxOWY2OTE5ZiJ9\" href='https:\/\/rekons.sk\/wp-content\/uploads\/2025\/07\/rekons-1-1.webp'><img loading=\"lazy\" decoding=\"async\" width=\"666\" height=\"450\" src=\"https:\/\/rekons.sk\/wp-content\/uploads\/2025\/07\/rekons-1-1-666x450.webp\" class=\"attachment-credio_portfolio-slider size-credio_portfolio-slider\" alt=\"\" \/><\/a>\n\t\t\t<\/div><\/figure><figure class='gallery-item'>\n\t\t\t<div class='gallery-icon landscape'>\n\t\t\t\t<a data-elementor-open-lightbox=\"yes\" data-elementor-lightbox-slideshow=\"19f6919f\" data-elementor-lightbox-title=\"rekons- (6)\" data-e-action-hash=\"#elementor-action%3Aaction%3Dlightbox%26settings%3DeyJpZCI6MjQxNzYsInVybCI6Imh0dHBzOlwvXC9yZWtvbnMuc2tcL3dwLWNvbnRlbnRcL3VwbG9hZHNcLzIwMjVcLzA3XC9yZWtvbnMtNi0xLndlYnAiLCJzbGlkZXNob3ciOiIxOWY2OTE5ZiJ9\" href='https:\/\/rekons.sk\/wp-content\/uploads\/2025\/07\/rekons-6-1.webp'><img loading=\"lazy\" decoding=\"async\" width=\"666\" height=\"450\" src=\"https:\/\/rekons.sk\/wp-content\/uploads\/2025\/07\/rekons-6-1-666x450.webp\" class=\"attachment-credio_portfolio-slider size-credio_portfolio-slider\" alt=\"\" \/><\/a>\n\t\t\t<\/div><\/figure><figure class='gallery-item'>\n\t\t\t<div class='gallery-icon landscape'>\n\t\t\t\t<a data-elementor-open-lightbox=\"yes\" data-elementor-lightbox-slideshow=\"19f6919f\" data-elementor-lightbox-title=\"rekons- (12)\" data-e-action-hash=\"#elementor-action%3Aaction%3Dlightbox%26settings%3DeyJpZCI6MjQxODIsInVybCI6Imh0dHBzOlwvXC9yZWtvbnMuc2tcL3dwLWNvbnRlbnRcL3VwbG9hZHNcLzIwMjVcLzA3XC9yZWtvbnMtMTItMS53ZWJwIiwic2xpZGVzaG93IjoiMTlmNjkxOWYifQ%3D%3D\" href='https:\/\/rekons.sk\/wp-content\/uploads\/2025\/07\/rekons-12-1.webp'><img loading=\"lazy\" decoding=\"async\" width=\"666\" height=\"450\" src=\"https:\/\/rekons.sk\/wp-content\/uploads\/2025\/07\/rekons-12-1-666x450.webp\" class=\"attachment-credio_portfolio-slider size-credio_portfolio-slider\" alt=\"\" \/><\/a>\n\t\t\t<\/div><\/figure><figure class='gallery-item'>\n\t\t\t<div class='gallery-icon landscape'>\n\t\t\t\t<a data-elementor-open-lightbox=\"yes\" data-elementor-lightbox-slideshow=\"19f6919f\" data-elementor-lightbox-title=\"rekons- (7)\" data-e-action-hash=\"#elementor-action%3Aaction%3Dlightbox%26settings%3DeyJpZCI6MjQxNzcsInVybCI6Imh0dHBzOlwvXC9yZWtvbnMuc2tcL3dwLWNvbnRlbnRcL3VwbG9hZHNcLzIwMjVcLzA3XC9yZWtvbnMtNy0xLndlYnAiLCJzbGlkZXNob3ciOiIxOWY2OTE5ZiJ9\" href='https:\/\/rekons.sk\/wp-content\/uploads\/2025\/07\/rekons-7-1.webp'><img loading=\"lazy\" decoding=\"async\" width=\"666\" height=\"450\" src=\"https:\/\/rekons.sk\/wp-content\/uploads\/2025\/07\/rekons-7-1-666x450.webp\" class=\"attachment-credio_portfolio-slider size-credio_portfolio-slider\" alt=\"\" \/><\/a>\n\t\t\t<\/div><\/figure><figure class='gallery-item'>\n\t\t\t<div class='gallery-icon landscape'>\n\t\t\t\t<a data-elementor-open-lightbox=\"yes\" data-elementor-lightbox-slideshow=\"19f6919f\" data-elementor-lightbox-title=\"rekons- (10)\" data-e-action-hash=\"#elementor-action%3Aaction%3Dlightbox%26settings%3DeyJpZCI6MjQxODAsInVybCI6Imh0dHBzOlwvXC9yZWtvbnMuc2tcL3dwLWNvbnRlbnRcL3VwbG9hZHNcLzIwMjVcLzA3XC9yZWtvbnMtMTAtMS53ZWJwIiwic2xpZGVzaG93IjoiMTlmNjkxOWYifQ%3D%3D\" href='https:\/\/rekons.sk\/wp-content\/uploads\/2025\/07\/rekons-10-1.webp'><img loading=\"lazy\" decoding=\"async\" width=\"666\" height=\"450\" src=\"https:\/\/rekons.sk\/wp-content\/uploads\/2025\/07\/rekons-10-1-666x450.webp\" class=\"attachment-credio_portfolio-slider size-credio_portfolio-slider\" alt=\"\" \/><\/a>\n\t\t\t<\/div><\/figure><figure class='gallery-item'>\n\t\t\t<div class='gallery-icon landscape'>\n\t\t\t\t<a data-elementor-open-lightbox=\"yes\" data-elementor-lightbox-slideshow=\"19f6919f\" data-elementor-lightbox-title=\"rekons- (14)\" data-e-action-hash=\"#elementor-action%3Aaction%3Dlightbox%26settings%3DeyJpZCI6MjQxODQsInVybCI6Imh0dHBzOlwvXC9yZWtvbnMuc2tcL3dwLWNvbnRlbnRcL3VwbG9hZHNcLzIwMjVcLzA3XC9yZWtvbnMtMTQtMS53ZWJwIiwic2xpZGVzaG93IjoiMTlmNjkxOWYifQ%3D%3D\" href='https:\/\/rekons.sk\/wp-content\/uploads\/2025\/07\/rekons-14-1.webp'><img loading=\"lazy\" decoding=\"async\" width=\"666\" height=\"450\" src=\"https:\/\/rekons.sk\/wp-content\/uploads\/2025\/07\/rekons-14-1-666x450.webp\" class=\"attachment-credio_portfolio-slider size-credio_portfolio-slider\" alt=\"\" \/><\/a>\n\t\t\t<\/div><\/figure><figure class='gallery-item'>\n\t\t\t<div class='gallery-icon landscape'>\n\t\t\t\t<a data-elementor-open-lightbox=\"yes\" data-elementor-lightbox-slideshow=\"19f6919f\" data-elementor-lightbox-title=\"rekons- (2)\" data-e-action-hash=\"#elementor-action%3Aaction%3Dlightbox%26settings%3DeyJpZCI6MjQxNzIsInVybCI6Imh0dHBzOlwvXC9yZWtvbnMuc2tcL3dwLWNvbnRlbnRcL3VwbG9hZHNcLzIwMjVcLzA3XC9yZWtvbnMtMi0xLndlYnAiLCJzbGlkZXNob3ciOiIxOWY2OTE5ZiJ9\" href='https:\/\/rekons.sk\/wp-content\/uploads\/2025\/07\/rekons-2-1.webp'><img loading=\"lazy\" decoding=\"async\" width=\"666\" height=\"450\" src=\"https:\/\/rekons.sk\/wp-content\/uploads\/2025\/07\/rekons-2-1-666x450.webp\" class=\"attachment-credio_portfolio-slider size-credio_portfolio-slider\" alt=\"\" \/><\/a>\n\t\t\t<\/div><\/figure><figure class='gallery-item'>\n\t\t\t<div class='gallery-icon landscape'>\n\t\t\t\t<a data-elementor-open-lightbox=\"yes\" data-elementor-lightbox-slideshow=\"19f6919f\" data-elementor-lightbox-title=\"rekons- (3)\" data-e-action-hash=\"#elementor-action%3Aaction%3Dlightbox%26settings%3DeyJpZCI6MjQxNzMsInVybCI6Imh0dHBzOlwvXC9yZWtvbnMuc2tcL3dwLWNvbnRlbnRcL3VwbG9hZHNcLzIwMjVcLzA3XC9yZWtvbnMtMy0xLndlYnAiLCJzbGlkZXNob3ciOiIxOWY2OTE5ZiJ9\" href='https:\/\/rekons.sk\/wp-content\/uploads\/2025\/07\/rekons-3-1.webp'><img loading=\"lazy\" decoding=\"async\" width=\"666\" height=\"450\" src=\"https:\/\/rekons.sk\/wp-content\/uploads\/2025\/07\/rekons-3-1-666x450.webp\" class=\"attachment-credio_portfolio-slider size-credio_portfolio-slider\" alt=\"\" \/><\/a>\n\t\t\t<\/div><\/figure><figure class='gallery-item'>\n\t\t\t<div class='gallery-icon landscape'>\n\t\t\t\t<a data-elementor-open-lightbox=\"yes\" data-elementor-lightbox-slideshow=\"19f6919f\" data-elementor-lightbox-title=\"rekons- (15)\" data-e-action-hash=\"#elementor-action%3Aaction%3Dlightbox%26settings%3DeyJpZCI6MjQxODUsInVybCI6Imh0dHBzOlwvXC9yZWtvbnMuc2tcL3dwLWNvbnRlbnRcL3VwbG9hZHNcLzIwMjVcLzA3XC9yZWtvbnMtMTUtMS53ZWJwIiwic2xpZGVzaG93IjoiMTlmNjkxOWYifQ%3D%3D\" href='https:\/\/rekons.sk\/wp-content\/uploads\/2025\/07\/rekons-15-1.webp'><img loading=\"lazy\" decoding=\"async\" width=\"666\" height=\"450\" src=\"https:\/\/rekons.sk\/wp-content\/uploads\/2025\/07\/rekons-15-1-666x450.webp\" class=\"attachment-credio_portfolio-slider size-credio_portfolio-slider\" alt=\"\" \/><\/a>\n\t\t\t<\/div><\/figure><figure class='gallery-item'>\n\t\t\t<div class='gallery-icon landscape'>\n\t\t\t\t<a data-elementor-open-lightbox=\"yes\" data-elementor-lightbox-slideshow=\"19f6919f\" data-elementor-lightbox-title=\"rekons- (17)\" data-e-action-hash=\"#elementor-action%3Aaction%3Dlightbox%26settings%3DeyJpZCI6MjQxODcsInVybCI6Imh0dHBzOlwvXC9yZWtvbnMuc2tcL3dwLWNvbnRlbnRcL3VwbG9hZHNcLzIwMjVcLzA3XC9yZWtvbnMtMTctMS53ZWJwIiwic2xpZGVzaG93IjoiMTlmNjkxOWYifQ%3D%3D\" href='https:\/\/rekons.sk\/wp-content\/uploads\/2025\/07\/rekons-17-1.webp'><img loading=\"lazy\" decoding=\"async\" width=\"666\" height=\"450\" src=\"https:\/\/rekons.sk\/wp-content\/uploads\/2025\/07\/rekons-17-1-666x450.webp\" class=\"attachment-credio_portfolio-slider size-credio_portfolio-slider\" alt=\"\" \/><\/a>\n\t\t\t<\/div><\/figure><figure class='gallery-item'>\n\t\t\t<div class='gallery-icon landscape'>\n\t\t\t\t<a data-elementor-open-lightbox=\"yes\" data-elementor-lightbox-slideshow=\"19f6919f\" data-elementor-lightbox-title=\"rekons- (4)\" data-e-action-hash=\"#elementor-action%3Aaction%3Dlightbox%26settings%3DeyJpZCI6MjQxNzQsInVybCI6Imh0dHBzOlwvXC9yZWtvbnMuc2tcL3dwLWNvbnRlbnRcL3VwbG9hZHNcLzIwMjVcLzA3XC9yZWtvbnMtNC0xLndlYnAiLCJzbGlkZXNob3ciOiIxOWY2OTE5ZiJ9\" href='https:\/\/rekons.sk\/wp-content\/uploads\/2025\/07\/rekons-4-1.webp'><img loading=\"lazy\" decoding=\"async\" width=\"666\" height=\"450\" src=\"https:\/\/rekons.sk\/wp-content\/uploads\/2025\/07\/rekons-4-1-666x450.webp\" class=\"attachment-credio_portfolio-slider size-credio_portfolio-slider\" alt=\"\" \/><\/a>\n\t\t\t<\/div><\/figure><figure class='gallery-item'>\n\t\t\t<div class='gallery-icon landscape'>\n\t\t\t\t<a data-elementor-open-lightbox=\"yes\" data-elementor-lightbox-slideshow=\"19f6919f\" data-elementor-lightbox-title=\"rekons- (8)\" data-e-action-hash=\"#elementor-action%3Aaction%3Dlightbox%26settings%3DeyJpZCI6MjQxNzgsInVybCI6Imh0dHBzOlwvXC9yZWtvbnMuc2tcL3dwLWNvbnRlbnRcL3VwbG9hZHNcLzIwMjVcLzA3XC9yZWtvbnMtOC0xLndlYnAiLCJzbGlkZXNob3ciOiIxOWY2OTE5ZiJ9\" href='https:\/\/rekons.sk\/wp-content\/uploads\/2025\/07\/rekons-8-1.webp'><img loading=\"lazy\" decoding=\"async\" width=\"666\" height=\"450\" src=\"https:\/\/rekons.sk\/wp-content\/uploads\/2025\/07\/rekons-8-1-666x450.webp\" class=\"attachment-credio_portfolio-slider size-credio_portfolio-slider\" alt=\"\" \/><\/a>\n\t\t\t<\/div><\/figure><figure class='gallery-item'>\n\t\t\t<div class='gallery-icon landscape'>\n\t\t\t\t<a data-elementor-open-lightbox=\"yes\" data-elementor-lightbox-slideshow=\"19f6919f\" data-elementor-lightbox-title=\"rekons- (5)\" data-e-action-hash=\"#elementor-action%3Aaction%3Dlightbox%26settings%3DeyJpZCI6MjQxNzUsInVybCI6Imh0dHBzOlwvXC9yZWtvbnMuc2tcL3dwLWNvbnRlbnRcL3VwbG9hZHNcLzIwMjVcLzA3XC9yZWtvbnMtNS0xLndlYnAiLCJzbGlkZXNob3ciOiIxOWY2OTE5ZiJ9\" href='https:\/\/rekons.sk\/wp-content\/uploads\/2025\/07\/rekons-5-1.webp'><img loading=\"lazy\" decoding=\"async\" width=\"666\" height=\"450\" src=\"https:\/\/rekons.sk\/wp-content\/uploads\/2025\/07\/rekons-5-1-666x450.webp\" class=\"attachment-credio_portfolio-slider size-credio_portfolio-slider\" alt=\"\" \/><\/a>\n\t\t\t<\/div><\/figure>\n\t\t<\/div>\n\t\t<\/div>\n\t\t\t\t\t\t<\/div>\n\t\t\t\t<\/div>\n\t\t\t\t\t<\/div>\n\t\t\t\t<\/div>\n\t\t\t\t<\/div>\n\t\t<div class=\"no-position rs-sticky-default   elementor-element elementor-element-64c61ce1 e-con-full e-flex e-con e-parent\" data-id=\"64c61ce1\" data-element_type=\"container\" data-e-type=\"container\">\n\t\t\t\t<div class=\"elementor-element elementor-element-452b9b48 elementor-widget__width-inherit gsap-move-no elementor-widget elementor-widget-rs-marquee-logo-slider\" data-id=\"452b9b48\" data-element_type=\"widget\" data-e-type=\"widget\" data-widget_type=\"rs-marquee-logo-slider.default\">\n\t\t\t\t<div class=\"elementor-widget-container\">\n\t\t\t\t\t\n                                    <div class=\"marquee_wrapper marquee_wrapper_logo\">\n                    <div class=\"rstheme-marquee-slider_34464\" data-speed=\"8000\">\n                                                        <div class=\"item\">\n                                    <div class=\"item-inner\">\n                                                                                    <div class=\"rs-marquee-text\"> REKONS SK <\/div>\n                                                                                                                    <\/div>\n                                <\/div>\n                                                            <div class=\"item\">\n                                    <div class=\"item-inner\">\n                                                                                    <div class=\"rs-marquee-text\"> REKONS SK <\/div>\n                                                                                                                    <\/div>\n                                <\/div>\n                                                            <div class=\"item\">\n                                    <div class=\"item-inner\">\n                                                                                    <div class=\"rs-marquee-text\"> REKONS SK <\/div>\n                                                                                                                    <\/div>\n                                <\/div>\n                                                            <div class=\"item\">\n                                    <div class=\"item-inner\">\n                                                                                    <div class=\"rs-marquee-text\"> REKONS SK <\/div>\n                                                                                                                    <\/div>\n                                <\/div>\n                                                            <div class=\"item\">\n                                    <div class=\"item-inner\">\n                                                                                    <div class=\"rs-marquee-text\"> REKONS SK <\/div>\n                                                                                                                    <\/div>\n                                <\/div>\n                                                <\/div>\n                <\/div>\n                <script type=\"text\/javascript\"> \n                    jQuery(document).ready(function(){\n                        var speedValue = jQuery(\".rstheme-marquee-slider_34464\").data(\"speed\");\n                        jQuery(\".rstheme-marquee-slider_34464\").slick({\n                            arrows: false,\n                            infinite: true,\n                            autoplay: true,\n                            centerMode: true,\n                            dots: false,\n                            variableWidth: true,\n                            slidesToScroll: 1,\n                            speed: speedValue,\n                            autoplaySpeed: 0,\n                            cssEase: \"linear\",\n                            pauseOnHover: false,\n                            pauseOnFocus: false,\n                            draggable: true,\n                                                            rtl: false,\n                                                        responsive: [\n                                {\n                                    breakpoint: 1200,\n                                    settings: {\n                                        slidesToShow: 5\n                                    }\n                                },\n                                {\n                                    breakpoint: 767,\n                                    settings: {\n                                        slidesToShow: 3,\n                                        speed: speedValue,\n                                        dots: false\n                                    }\n                                }\n                            ]\n                        });\n                    });\n                <\/script>\n                                \t\t\t\t<\/div>\n\t\t\t\t<\/div>\n\t\t\t\t<\/div>\n\t\t\t\t<\/div>\n\t\t","protected":false},"excerpt":{"rendered":"<p>Stavebn\u00e1 \u010dinnos\u0165 Realizujeme v\u00fdstavbu rodinn\u00fdch domov na k\u013e\u00fa\u010d, rekon\u0161trukcie bytov, domov a nebytov\u00fdch priestorov, ako aj jednotliv\u00e9 stavebn\u00e9 etapy \u2013 od z\u00e1kladov\u00fdch dosiek a murovania, cez beton\u00e1\u017ee, z\u00e1mkov\u00e9 dla\u017eby a fas\u00e1dy, a\u017e po fin\u00e1lne dokon\u010dovacie pr\u00e1ce. Pracujeme spo\u013eahlivo, odborne a s d\u00f4razom na kvalitu prevedenia. Zabezpe\u010dujeme kompletn\u00fd servis vr\u00e1tane poradenstva, dod\u00e1vky materi\u00e1lu a koordin\u00e1cie v\u0161etk\u00fdch&#8230;<\/p>\n","protected":false},"author":1,"featured_media":0,"parent":0,"menu_order":0,"comment_status":"closed","ping_status":"closed","template":"elementor_header_footer","meta":{"footnotes":""},"class_list":["post-24088","page","type-page","status-publish","hentry"],"_links":{"self":[{"href":"https:\/\/rekons.sk\/index.php\/wp-json\/wp\/v2\/pages\/24088","targetHints":{"allow":["GET"]}}],"collection":[{"href":"https:\/\/rekons.sk\/index.php\/wp-json\/wp\/v2\/pages"}],"about":[{"href":"https:\/\/rekons.sk\/index.php\/wp-json\/wp\/v2\/types\/page"}],"author":[{"embeddable":true,"href":"https:\/\/rekons.sk\/index.php\/wp-json\/wp\/v2\/users\/1"}],"replies":[{"embeddable":true,"href":"https:\/\/rekons.sk\/index.php\/wp-json\/wp\/v2\/comments?post=24088"}],"version-history":[{"count":7,"href":"https:\/\/rekons.sk\/index.php\/wp-json\/wp\/v2\/pages\/24088\/revisions"}],"predecessor-version":[{"id":24196,"href":"https:\/\/rekons.sk\/index.php\/wp-json\/wp\/v2\/pages\/24088\/revisions\/24196"}],"wp:attachment":[{"href":"https:\/\/rekons.sk\/index.php\/wp-json\/wp\/v2\/media?parent=24088"}],"curies":[{"name":"wp","href":"https:\/\/api.w.org\/{rel}","templated":true}]}}