{"id":17643,"date":"2024-09-17T12:15:15","date_gmt":"2024-09-17T12:15:15","guid":{"rendered":"https:\/\/demo.rstheme.com\/wordpress\/credio\/?page_id=17643"},"modified":"2025-07-02T02:31:35","modified_gmt":"2025-07-02T00:31:35","slug":"work-process","status":"publish","type":"page","link":"https:\/\/rekons.sk\/index.php\/work-process\/","title":{"rendered":"Pren\u00e1jom le\u0161enia"},"content":{"rendered":"\t\t<div data-elementor-type=\"wp-page\" data-elementor-id=\"17643\" class=\"elementor elementor-17643\">\n\t\t\t\t<div class=\"no-position rs-sticky-default   elementor-element elementor-element-52d91db e-con-full rs-page-banner e-flex e-con e-child\" data-id=\"52d91db\" data-element_type=\"container\" data-e-type=\"container\" data-settings=\"{&quot;background_background&quot;:&quot;gradient&quot;}\">\n\t\t<div class=\"no-position rs-sticky-default   elementor-element elementor-element-3e05338 e-flex e-con-boxed e-con e-child\" data-id=\"3e05338\" data-element_type=\"container\" data-e-type=\"container\" data-settings=\"{&quot;background_background&quot;:&quot;classic&quot;}\">\n\t\t\t\t\t<div class=\"e-con-inner\">\n\t\t<div class=\"no-position rs-sticky-default   elementor-element elementor-element-5de6c66 e-con-full content-box e-flex e-con e-child\" data-id=\"5de6c66\" data-element_type=\"container\" data-e-type=\"container\" data-settings=\"{&quot;background_background&quot;:&quot;classic&quot;}\">\n\t\t\t\t<div class=\"elementor-element elementor-element-9f42fe5 gsap-move-no elementor-widget elementor-widget-heading\" data-id=\"9f42fe5\" data-element_type=\"widget\" data-e-type=\"widget\" data-widget_type=\"heading.default\">\n\t\t\t\t<div class=\"elementor-widget-container\">\n\t\t\t\t\t<h2 class=\"elementor-heading-title elementor-size-default\">Pren\u00e1jom le\u0161enia<\/h2>\t\t\t\t<\/div>\n\t\t\t\t<\/div>\n\t\t\t\t<div class=\"elementor-element elementor-element-7cb5885 elementor-widget-mobile__width-inherit elementor-widget__width-initial elementor-widget-tablet__width-inherit gsap-move-no elementor-widget elementor-widget-rs-heading\" data-id=\"7cb5885\" data-element_type=\"widget\" data-e-type=\"widget\" data-widget_type=\"rs-heading.default\">\n\t\t\t\t<div class=\"elementor-widget-container\">\n\t\t\t\t\t\n\t\t<div class=\"prelements-heading default  left\">\n\t\t\t<div class=\"title-inner\">\n\t\t\t\t\n\t\t\t<\/div>\n\t\t\t\t\t\t\t<div class=\"description\">\n\t\t\t\t\t<p data-start=\"171\" data-end=\"475\">Pon\u00fakame pren\u00e1jom mobiln\u00e9ho aj fas\u00e1dneho le\u0161enia pre r\u00f4zne typy stavebn\u00fdch pr\u00e1c od drobn\u00fdch rekon\u0161trukci\u00ed a\u017e po ve\u013ek\u00e9 v\u00fd\u0161kov\u00e9 stavby. K dispoz\u00edcii m\u00e1me stabiln\u00e9 pojazdn\u00e9 le\u0161enie s pracovnou v\u00fd\u0161kou a\u017e do 13,6 metra a nastavite\u013en\u00fdm podvozkom, ako aj syst\u00e9mov\u00e9 fas\u00e1dne le\u0161enie LAYHER BLITZ 73 vr\u00e1tane v\u0161etk\u00fdch potrebn\u00fdch doplnkov. Zabezpe\u010dujeme certifikovan\u00fa mont\u00e1\u017e a demont\u00e1\u017e, dopravu na miesto, aj mo\u017enos\u0165 pren\u00e1jmu bez mont\u00e1\u017ee. Le\u0161enie je \u013eahk\u00e9, jednoducho zostavite\u013en\u00e9 a vhodn\u00e9 na kr\u00e1tkodob\u00e9 aj dlhodob\u00e9 pou\u017eitie.<\/p>\t\t\t\t<\/div>\n\t\t\t\t\t<\/div>\n\t\t\t\t<\/div>\n\t\t\t\t<\/div>\n\t\t\t\t<div class=\"elementor-element elementor-element-5d7e005 gsap-move-no elementor-widget elementor-widget-rs-divider\" data-id=\"5d7e005\" data-element_type=\"widget\" data-e-type=\"widget\" data-widget_type=\"rs-divider.default\">\n\t\t\t\t<div class=\"elementor-widget-container\">\n\t\t\t\t\t\n\t\t<div class=\"rs-divider\"> <\/div>\n\n\t\t\t\t\t<\/div>\n\t\t\t\t<\/div>\n\t\t\t\t<\/div>\n\t\t\t\t\t<\/div>\n\t\t\t\t<\/div>\n\t\t<div class=\"no-position rs-sticky-default   elementor-element elementor-element-6962f29 e-flex e-con-boxed e-con e-child\" data-id=\"6962f29\" data-element_type=\"container\" data-e-type=\"container\" data-settings=\"{&quot;background_background&quot;:&quot;classic&quot;}\">\n\t\t\t\t\t<div class=\"e-con-inner\">\n\t\t\t\t\t<\/div>\n\t\t\t\t<\/div>\n\t\t\t\t<\/div>\n\t\t<div class=\"no-position rs-sticky-default   elementor-element elementor-element-e2812d1 e-con-full e-flex e-con e-parent\" data-id=\"e2812d1\" data-element_type=\"container\" data-e-type=\"container\">\n\t\t<div class=\"no-position rs-sticky-default   elementor-element elementor-element-9b137c3 e-flex e-con-boxed e-con e-child\" data-id=\"9b137c3\" data-element_type=\"container\" data-e-type=\"container\">\n\t\t\t\t\t<div class=\"e-con-inner\">\n\t\t\t\t<div class=\"elementor-element elementor-element-c719d06 gallery-spacing-custom gsap-move-no elementor-widget elementor-widget-image-gallery\" data-id=\"c719d06\" data-element_type=\"widget\" data-e-type=\"widget\" data-widget_type=\"image-gallery.default\">\n\t\t\t\t<div class=\"elementor-widget-container\">\n\t\t\t\t\t\t\t<div class=\"elementor-image-gallery\">\n\t\t\t<div id='gallery-1' class='gallery galleryid-17643 gallery-columns-4 gallery-size-credio_portfolio-slider'><figure class='gallery-item'>\n\t\t\t<div class='gallery-icon portrait'>\n\t\t\t\t<a data-elementor-open-lightbox=\"yes\" data-elementor-lightbox-slideshow=\"c719d06\" data-elementor-lightbox-title=\"15318 (1)\" data-e-action-hash=\"#elementor-action%3Aaction%3Dlightbox%26settings%3DeyJpZCI6MjQxMjAsInVybCI6Imh0dHBzOlwvXC9yZWtvbnMuc2tcL3dwLWNvbnRlbnRcL3VwbG9hZHNcLzIwMjVcLzA3XC8xNTMxOC0xLndlYnAiLCJzbGlkZXNob3ciOiJjNzE5ZDA2In0%3D\" href='https:\/\/rekons.sk\/wp-content\/uploads\/2025\/07\/15318-1.webp'><img fetchpriority=\"high\" decoding=\"async\" width=\"666\" height=\"450\" src=\"https:\/\/rekons.sk\/wp-content\/uploads\/2025\/07\/15318-1-666x450.webp\" class=\"attachment-credio_portfolio-slider size-credio_portfolio-slider\" alt=\"\" \/><\/a>\n\t\t\t<\/div><\/figure><figure class='gallery-item'>\n\t\t\t<div class='gallery-icon landscape'>\n\t\t\t\t<a data-elementor-open-lightbox=\"yes\" data-elementor-lightbox-slideshow=\"c719d06\" data-elementor-lightbox-title=\"IMG_0075 (1)\" data-e-action-hash=\"#elementor-action%3Aaction%3Dlightbox%26settings%3DeyJpZCI6MjQxMjMsInVybCI6Imh0dHBzOlwvXC9yZWtvbnMuc2tcL3dwLWNvbnRlbnRcL3VwbG9hZHNcLzIwMjVcLzA3XC9JTUdfMDA3NS0xLndlYnAiLCJzbGlkZXNob3ciOiJjNzE5ZDA2In0%3D\" href='https:\/\/rekons.sk\/wp-content\/uploads\/2025\/07\/IMG_0075-1.webp'><img decoding=\"async\" width=\"666\" height=\"450\" src=\"https:\/\/rekons.sk\/wp-content\/uploads\/2025\/07\/IMG_0075-1-666x450.webp\" class=\"attachment-credio_portfolio-slider size-credio_portfolio-slider\" alt=\"\" \/><\/a>\n\t\t\t<\/div><\/figure><figure class='gallery-item'>\n\t\t\t<div class='gallery-icon landscape'>\n\t\t\t\t<a data-elementor-open-lightbox=\"yes\" data-elementor-lightbox-slideshow=\"c719d06\" data-elementor-lightbox-title=\"IMG_2390 (1)\" data-e-action-hash=\"#elementor-action%3Aaction%3Dlightbox%26settings%3DeyJpZCI6MjQxMjEsInVybCI6Imh0dHBzOlwvXC9yZWtvbnMuc2tcL3dwLWNvbnRlbnRcL3VwbG9hZHNcLzIwMjVcLzA3XC9JTUdfMjM5MC0xLndlYnAiLCJzbGlkZXNob3ciOiJjNzE5ZDA2In0%3D\" href='https:\/\/rekons.sk\/wp-content\/uploads\/2025\/07\/IMG_2390-1.webp'><img decoding=\"async\" width=\"666\" height=\"450\" src=\"https:\/\/rekons.sk\/wp-content\/uploads\/2025\/07\/IMG_2390-1-666x450.webp\" class=\"attachment-credio_portfolio-slider size-credio_portfolio-slider\" alt=\"\" \/><\/a>\n\t\t\t<\/div><\/figure><figure class='gallery-item'>\n\t\t\t<div class='gallery-icon portrait'>\n\t\t\t\t<a data-elementor-open-lightbox=\"yes\" data-elementor-lightbox-slideshow=\"c719d06\" data-elementor-lightbox-title=\"Obrazok_WhatsApp_2025-06-06_o_10.38.44_ca77f24d_53\" data-e-action-hash=\"#elementor-action%3Aaction%3Dlightbox%26settings%3DeyJpZCI6MjQxMjksInVybCI6Imh0dHBzOlwvXC9yZWtvbnMuc2tcL3dwLWNvbnRlbnRcL3VwbG9hZHNcLzIwMjVcLzA3XC9PYnJhem9rX1doYXRzQXBwXzIwMjUtMDYtMDZfb18xMC4zOC40NF9jYTc3ZjI0ZF81My5qcGciLCJzbGlkZXNob3ciOiJjNzE5ZDA2In0%3D\" href='https:\/\/rekons.sk\/wp-content\/uploads\/2025\/07\/Obrazok_WhatsApp_2025-06-06_o_10.38.44_ca77f24d_53.jpg'><img loading=\"lazy\" decoding=\"async\" width=\"666\" height=\"450\" src=\"https:\/\/rekons.sk\/wp-content\/uploads\/2025\/07\/Obrazok_WhatsApp_2025-06-06_o_10.38.44_ca77f24d_53-666x450.jpg\" class=\"attachment-credio_portfolio-slider size-credio_portfolio-slider\" alt=\"\" \/><\/a>\n\t\t\t<\/div><\/figure><figure class='gallery-item'>\n\t\t\t<div class='gallery-icon landscape'>\n\t\t\t\t<a data-elementor-open-lightbox=\"yes\" data-elementor-lightbox-slideshow=\"c719d06\" data-elementor-lightbox-title=\"9235 (1)\" data-e-action-hash=\"#elementor-action%3Aaction%3Dlightbox%26settings%3DeyJpZCI6MjQxMTgsInVybCI6Imh0dHBzOlwvXC9yZWtvbnMuc2tcL3dwLWNvbnRlbnRcL3VwbG9hZHNcLzIwMjVcLzA3XC85MjM1LTEtc2NhbGVkLndlYnAiLCJzbGlkZXNob3ciOiJjNzE5ZDA2In0%3D\" href='https:\/\/rekons.sk\/wp-content\/uploads\/2025\/07\/9235-1-scaled.webp'><img loading=\"lazy\" decoding=\"async\" width=\"666\" height=\"450\" src=\"https:\/\/rekons.sk\/wp-content\/uploads\/2025\/07\/9235-1-666x450.webp\" class=\"attachment-credio_portfolio-slider size-credio_portfolio-slider\" alt=\"\" \/><\/a>\n\t\t\t<\/div><\/figure><figure class='gallery-item'>\n\t\t\t<div class='gallery-icon landscape'>\n\t\t\t\t<a data-elementor-open-lightbox=\"yes\" data-elementor-lightbox-slideshow=\"c719d06\" data-elementor-lightbox-title=\"IMG_9976_53\" data-e-action-hash=\"#elementor-action%3Aaction%3Dlightbox%26settings%3DeyJpZCI6MjQxMjgsInVybCI6Imh0dHBzOlwvXC9yZWtvbnMuc2tcL3dwLWNvbnRlbnRcL3VwbG9hZHNcLzIwMjVcLzA3XC9JTUdfOTk3Nl81My53ZWJwIiwic2xpZGVzaG93IjoiYzcxOWQwNiJ9\" href='https:\/\/rekons.sk\/wp-content\/uploads\/2025\/07\/IMG_9976_53.webp'><img loading=\"lazy\" decoding=\"async\" width=\"666\" height=\"450\" src=\"https:\/\/rekons.sk\/wp-content\/uploads\/2025\/07\/IMG_9976_53-666x450.webp\" class=\"attachment-credio_portfolio-slider size-credio_portfolio-slider\" alt=\"\" \/><\/a>\n\t\t\t<\/div><\/figure><figure class='gallery-item'>\n\t\t\t<div class='gallery-icon landscape'>\n\t\t\t\t<a data-elementor-open-lightbox=\"yes\" data-elementor-lightbox-slideshow=\"c719d06\" data-elementor-lightbox-title=\"15343 (1)\" data-e-action-hash=\"#elementor-action%3Aaction%3Dlightbox%26settings%3DeyJpZCI6MjQxMTYsInVybCI6Imh0dHBzOlwvXC9yZWtvbnMuc2tcL3dwLWNvbnRlbnRcL3VwbG9hZHNcLzIwMjVcLzA3XC8xNTM0My0xLndlYnAiLCJzbGlkZXNob3ciOiJjNzE5ZDA2In0%3D\" href='https:\/\/rekons.sk\/wp-content\/uploads\/2025\/07\/15343-1.webp'><img loading=\"lazy\" decoding=\"async\" width=\"666\" height=\"450\" src=\"https:\/\/rekons.sk\/wp-content\/uploads\/2025\/07\/15343-1-666x450.webp\" class=\"attachment-credio_portfolio-slider size-credio_portfolio-slider\" alt=\"\" \/><\/a>\n\t\t\t<\/div><\/figure><figure class='gallery-item'>\n\t\t\t<div class='gallery-icon landscape'>\n\t\t\t\t<a data-elementor-open-lightbox=\"yes\" data-elementor-lightbox-slideshow=\"c719d06\" data-elementor-lightbox-title=\"IMG_0832 (1)\" data-e-action-hash=\"#elementor-action%3Aaction%3Dlightbox%26settings%3DeyJpZCI6MjQxMjQsInVybCI6Imh0dHBzOlwvXC9yZWtvbnMuc2tcL3dwLWNvbnRlbnRcL3VwbG9hZHNcLzIwMjVcLzA3XC9JTUdfMDgzMi0xLndlYnAiLCJzbGlkZXNob3ciOiJjNzE5ZDA2In0%3D\" href='https:\/\/rekons.sk\/wp-content\/uploads\/2025\/07\/IMG_0832-1.webp'><img loading=\"lazy\" decoding=\"async\" width=\"666\" height=\"450\" src=\"https:\/\/rekons.sk\/wp-content\/uploads\/2025\/07\/IMG_0832-1-666x450.webp\" class=\"attachment-credio_portfolio-slider size-credio_portfolio-slider\" alt=\"\" \/><\/a>\n\t\t\t<\/div><\/figure><figure class='gallery-item'>\n\t\t\t<div class='gallery-icon portrait'>\n\t\t\t\t<a data-elementor-open-lightbox=\"yes\" data-elementor-lightbox-slideshow=\"c719d06\" data-elementor-lightbox-title=\"IMG_2363 (1)\" data-e-action-hash=\"#elementor-action%3Aaction%3Dlightbox%26settings%3DeyJpZCI6MjQxMjUsInVybCI6Imh0dHBzOlwvXC9yZWtvbnMuc2tcL3dwLWNvbnRlbnRcL3VwbG9hZHNcLzIwMjVcLzA3XC9JTUdfMjM2My0xLndlYnAiLCJzbGlkZXNob3ciOiJjNzE5ZDA2In0%3D\" href='https:\/\/rekons.sk\/wp-content\/uploads\/2025\/07\/IMG_2363-1.webp'><img loading=\"lazy\" decoding=\"async\" width=\"666\" height=\"450\" src=\"https:\/\/rekons.sk\/wp-content\/uploads\/2025\/07\/IMG_2363-1-666x450.webp\" class=\"attachment-credio_portfolio-slider size-credio_portfolio-slider\" alt=\"\" \/><\/a>\n\t\t\t<\/div><\/figure><figure class='gallery-item'>\n\t\t\t<div class='gallery-icon landscape'>\n\t\t\t\t<a data-elementor-open-lightbox=\"yes\" data-elementor-lightbox-slideshow=\"c719d06\" data-elementor-lightbox-title=\"IMG_2637_53\" data-e-action-hash=\"#elementor-action%3Aaction%3Dlightbox%26settings%3DeyJpZCI6MjQxMjcsInVybCI6Imh0dHBzOlwvXC9yZWtvbnMuc2tcL3dwLWNvbnRlbnRcL3VwbG9hZHNcLzIwMjVcLzA3XC9JTUdfMjYzN181My53ZWJwIiwic2xpZGVzaG93IjoiYzcxOWQwNiJ9\" href='https:\/\/rekons.sk\/wp-content\/uploads\/2025\/07\/IMG_2637_53.webp'><img loading=\"lazy\" decoding=\"async\" width=\"666\" height=\"450\" src=\"https:\/\/rekons.sk\/wp-content\/uploads\/2025\/07\/IMG_2637_53-666x450.webp\" class=\"attachment-credio_portfolio-slider size-credio_portfolio-slider\" alt=\"\" \/><\/a>\n\t\t\t<\/div><\/figure><figure class='gallery-item'>\n\t\t\t<div class='gallery-icon landscape'>\n\t\t\t\t<a data-elementor-open-lightbox=\"yes\" data-elementor-lightbox-slideshow=\"c719d06\" data-elementor-lightbox-title=\"15370 (2)\" data-e-action-hash=\"#elementor-action%3Aaction%3Dlightbox%26settings%3DeyJpZCI6MjQxMjIsInVybCI6Imh0dHBzOlwvXC9yZWtvbnMuc2tcL3dwLWNvbnRlbnRcL3VwbG9hZHNcLzIwMjVcLzA3XC8xNTM3MC0yLndlYnAiLCJzbGlkZXNob3ciOiJjNzE5ZDA2In0%3D\" href='https:\/\/rekons.sk\/wp-content\/uploads\/2025\/07\/15370-2.webp'><img loading=\"lazy\" decoding=\"async\" width=\"666\" height=\"441\" src=\"https:\/\/rekons.sk\/wp-content\/uploads\/2025\/07\/15370-2-666x441.webp\" class=\"attachment-credio_portfolio-slider size-credio_portfolio-slider\" alt=\"\" \/><\/a>\n\t\t\t<\/div><\/figure>\n\t\t<\/div>\n\t\t<\/div>\n\t\t\t\t\t\t<\/div>\n\t\t\t\t<\/div>\n\t\t\t\t\t<\/div>\n\t\t\t\t<\/div>\n\t\t\t\t<\/div>\n\t\t<div class=\"no-position rs-sticky-default   elementor-element elementor-element-8a68575 e-con-full e-flex e-con e-parent\" data-id=\"8a68575\" data-element_type=\"container\" data-e-type=\"container\">\n\t\t\t\t<div class=\"elementor-element elementor-element-25c4786 elementor-widget__width-inherit gsap-move-no elementor-widget elementor-widget-rs-marquee-logo-slider\" data-id=\"25c4786\" data-element_type=\"widget\" data-e-type=\"widget\" data-widget_type=\"rs-marquee-logo-slider.default\">\n\t\t\t\t<div class=\"elementor-widget-container\">\n\t\t\t\t\t\n                                    <div class=\"marquee_wrapper marquee_wrapper_logo\">\n                    <div class=\"rstheme-marquee-slider_8657\" data-speed=\"8000\">\n                                                        <div class=\"item\">\n                                    <div class=\"item-inner\">\n                                                                                    <div class=\"rs-marquee-text\"> REKONS SK <\/div>\n                                                                                                                    <\/div>\n                                <\/div>\n                                                            <div class=\"item\">\n                                    <div class=\"item-inner\">\n                                                                                    <div class=\"rs-marquee-text\"> REKONS SK <\/div>\n                                                                                                                    <\/div>\n                                <\/div>\n                                                            <div class=\"item\">\n                                    <div class=\"item-inner\">\n                                                                                    <div class=\"rs-marquee-text\"> REKONS SK <\/div>\n                                                                                                                    <\/div>\n                                <\/div>\n                                                            <div class=\"item\">\n                                    <div class=\"item-inner\">\n                                                                                    <div class=\"rs-marquee-text\"> REKONS SK <\/div>\n                                                                                                                    <\/div>\n                                <\/div>\n                                                            <div class=\"item\">\n                                    <div class=\"item-inner\">\n                                                                                    <div class=\"rs-marquee-text\"> REKONS SK <\/div>\n                                                                                                                    <\/div>\n                                <\/div>\n                                                <\/div>\n                <\/div>\n                <script type=\"text\/javascript\"> \n                    jQuery(document).ready(function(){\n                        var speedValue = jQuery(\".rstheme-marquee-slider_8657\").data(\"speed\");\n                        jQuery(\".rstheme-marquee-slider_8657\").slick({\n                            arrows: false,\n                            infinite: true,\n                            autoplay: true,\n                            centerMode: true,\n                            dots: false,\n                            variableWidth: true,\n                            slidesToScroll: 1,\n                            speed: speedValue,\n                            autoplaySpeed: 0,\n                            cssEase: \"linear\",\n                            pauseOnHover: false,\n                            pauseOnFocus: false,\n                            draggable: true,\n                                                            rtl: false,\n                                                        responsive: [\n                                {\n                                    breakpoint: 1200,\n                                    settings: {\n                                        slidesToShow: 5\n                                    }\n                                },\n                                {\n                                    breakpoint: 767,\n                                    settings: {\n                                        slidesToShow: 3,\n                                        speed: speedValue,\n                                        dots: false\n                                    }\n                                }\n                            ]\n                        });\n                    });\n                <\/script>\n                                \t\t\t\t<\/div>\n\t\t\t\t<\/div>\n\t\t\t\t<\/div>\n\t\t\t\t<\/div>\n\t\t","protected":false},"excerpt":{"rendered":"<p>Pren\u00e1jom le\u0161enia Pon\u00fakame pren\u00e1jom mobiln\u00e9ho aj fas\u00e1dneho le\u0161enia pre r\u00f4zne typy stavebn\u00fdch pr\u00e1c od drobn\u00fdch rekon\u0161trukci\u00ed a\u017e po ve\u013ek\u00e9 v\u00fd\u0161kov\u00e9 stavby. K dispoz\u00edcii m\u00e1me stabiln\u00e9 pojazdn\u00e9 le\u0161enie s pracovnou v\u00fd\u0161kou a\u017e do 13,6 metra a nastavite\u013en\u00fdm podvozkom, ako aj syst\u00e9mov\u00e9 fas\u00e1dne le\u0161enie LAYHER BLITZ 73 vr\u00e1tane v\u0161etk\u00fdch potrebn\u00fdch doplnkov. Zabezpe\u010dujeme certifikovan\u00fa mont\u00e1\u017e a demont\u00e1\u017e, dopravu&#8230;<\/p>\n","protected":false},"author":1,"featured_media":24127,"parent":0,"menu_order":0,"comment_status":"closed","ping_status":"closed","template":"elementor_header_footer","meta":{"footnotes":""},"class_list":["post-17643","page","type-page","status-publish","has-post-thumbnail","hentry"],"_links":{"self":[{"href":"https:\/\/rekons.sk\/index.php\/wp-json\/wp\/v2\/pages\/17643","targetHints":{"allow":["GET"]}}],"collection":[{"href":"https:\/\/rekons.sk\/index.php\/wp-json\/wp\/v2\/pages"}],"about":[{"href":"https:\/\/rekons.sk\/index.php\/wp-json\/wp\/v2\/types\/page"}],"author":[{"embeddable":true,"href":"https:\/\/rekons.sk\/index.php\/wp-json\/wp\/v2\/users\/1"}],"replies":[{"embeddable":true,"href":"https:\/\/rekons.sk\/index.php\/wp-json\/wp\/v2\/comments?post=17643"}],"version-history":[{"count":8,"href":"https:\/\/rekons.sk\/index.php\/wp-json\/wp\/v2\/pages\/17643\/revisions"}],"predecessor-version":[{"id":24138,"href":"https:\/\/rekons.sk\/index.php\/wp-json\/wp\/v2\/pages\/17643\/revisions\/24138"}],"wp:featuredmedia":[{"embeddable":true,"href":"https:\/\/rekons.sk\/index.php\/wp-json\/wp\/v2\/media\/24127"}],"wp:attachment":[{"href":"https:\/\/rekons.sk\/index.php\/wp-json\/wp\/v2\/media?parent=17643"}],"curies":[{"name":"wp","href":"https:\/\/api.w.org\/{rel}","templated":true}]}}